{"id":10060,"date":"2022-05-10T14:06:33","date_gmt":"2022-05-10T12:06:33","guid":{"rendered":"https:\/\/www.zbraslavskenamesti.cz\/?page_id=10060"},"modified":"2022-09-14T13:54:01","modified_gmt":"2022-09-14T11:54:01","slug":"variabilita-vyuzivani","status":"publish","type":"page","link":"https:\/\/www.zbraslavskenamesti.cz\/?page_id=10060","title":{"rendered":"Variabilita vyu\u017e\u00edv\u00e1n\u00ed"},"content":{"rendered":"\n<p style=\"font-size:27px\">Koncept<\/p>\n\n\n\n<p><strong>N\u00e1m\u011bst\u00ed m\u00e1 slou\u017eit lidem, b\u00fdt prostorem spole\u010dn\u00e9ho setk\u00e1v\u00e1n\u00ed a m\u011bstsk\u00fdch akc\u00ed.<\/strong> Pokud m\u00e1 n\u00e1m\u011bst\u00ed slou\u017eit sv\u00e9 z\u00e1kladn\u00ed funkci, je pot\u0159eba mu pro to vytvo\u0159it podm\u00ednky. Dnes mu toti\u017e chyb\u00ed plnohodnotn\u00e1 multifunk\u010dn\u00ed plocha pro setk\u00e1v\u00e1n\u00ed lid\u00ed. Odklon\u011bn\u00edm hlavn\u00edch komunikac\u00ed z diagon\u00e1l sm\u011brem k obvodu n\u00e1m\u011bst\u00ed jsme vytvo\u0159ili hlavn\u00ed klidnou centr\u00e1ln\u00ed plochu, je\u017e se pne a\u017e k pat\u011b pivovaru, kter\u00fd se tak st\u00e1v\u00e1 jej\u00ed sou\u010d\u00e1st\u00ed a hlavn\u00ed dominantou. Plocha p\u0159ed pivovarem je spole\u010dn\u011b s budovou kav\u00e1rny a infocentra jakousi stinnou n\u00e1ru\u010d\u00ed, kde je mo\u017en\u00e9 se posadit, odpo\u010dinout a sledovat ruch na n\u00e1m\u011bst\u00ed.<br>Spolu s nov\u00fdm veden\u00edm komunikac\u00ed doch\u00e1z\u00ed i na organizaci zast\u00e1vek ve\u0159ejn\u00e9 autobusov\u00e9 dopravy, kter\u00e9 soust\u0159ed\u00edme do jednoho bodu. St\u00e1vaj\u00ed se tak p\u0159ehledn\u00fdmi a p\u0159\u00edpadn\u00e9 p\u0159estupov\u00e1n\u00ed je snaz\u0161\u00ed.<\/p>\n\n\n\n<div style=\"height:10px\" aria-hidden=\"true\" class=\"wp-block-spacer\"><\/div>\n\n\n\n<p style=\"font-size:27px\">Sch\u00e9ma n\u00e1vrhu<\/p>\n\n\n\n<p>Pro lep\u0161\u00ed orientaci v n\u00e1vrhu a pochopen\u00ed polohy jednotliv\u00fdch prvk\u016f v r\u00e1mci n\u00e1m\u011bst\u00ed slou\u017e\u00ed toto sch\u00e9ma. Prvky jsou na n\u00e1m\u011bst\u00ed um\u00edst\u011bny tak, aby maxim\u00e1ln\u011b zatraktivnily jeho vyu\u017e\u00edv\u00e1n\u00ed. Reaguj\u00ed na st\u00e1vaj\u00edc\u00ed polohy (kav\u00e1rna \/ pam\u00e1tn\u00edk) a jsou n\u011bjak\u00fdm zp\u016fsobem dotvo\u0159eny anebo jsou na n\u00e1m\u011bst\u00ed nov\u011b um\u00edst\u011bny. Jednotliv\u00e9 prvky jsou v r\u00e1mci studie detailn\u011bji pops\u00e1ny.<\/p>\n\n\n\n<div style=\"height:10px\" aria-hidden=\"true\" class=\"wp-block-spacer\"><\/div>\n\n\n\n<p style=\"font-size:27px\">Vyu\u017eit\u00ed plochy n\u00e1m\u011bst\u00ed<\/p>\n\n\n\n<p><strong>N\u00e1m\u011bst\u00ed pro v\u0161echny ve v\u0161ech ro\u010dn\u00edch obdob\u00edch<\/strong>. N\u00e1m\u011bst\u00ed by m\u011blo um\u011bt poskytnout \u0161irokou \u0161k\u00e1lu vyu\u017eit\u00ed. M\u011bsto v podob\u011b n\u00e1m\u011bst\u00ed z\u00edsk\u00e1 plnohodnotnou a variabiln\u00ed plochu pro organizaci m\u011bstsk\u00fdch slavnost\u00ed, v\u00e1no\u010dn\u00edch a velikono\u010dn\u00edch trh\u016f, koncert\u016f a dal\u0161\u00edch akc\u00ed. Ob\u010dan\u00e9 a n\u00e1v\u0161t\u011bvn\u00edci m\u011bsta z\u00e1rove\u0148 jasn\u011b v\u011bd\u00ed, kde se takov\u00e9 akce konaj\u00ed.<\/p>\n\n\n\n<div style=\"height:10px\" aria-hidden=\"true\" class=\"wp-block-spacer\"><\/div>\n\n\n\n<p>JARO \u2013 st\u00e1nky, rozlo\u017een\u00e9 stoly na hodov\u00e1n\u00ed, workshopy pod korunami strom\u016f, n\u00e1m\u011bst\u00ed jako hledi\u0161t\u011b a m\u00e1jka uprost\u0159ed v\u0161eho d\u011bn\u00ed&nbsp;<\/p>\n\n\n\n<figure class=\"wp-block-image size-large\"><img decoding=\"async\" width=\"1024\" height=\"724\" src=\"https:\/\/www.zbraslavskenamesti.cz\/wp-content\/uploads\/2022\/09\/schema_jaro-1-1024x724.png\" alt=\"\" class=\"wp-image-10460\" srcset=\"https:\/\/www.zbraslavskenamesti.cz\/wp-content\/uploads\/2022\/09\/schema_jaro-1-1024x724.png 1024w, https:\/\/www.zbraslavskenamesti.cz\/wp-content\/uploads\/2022\/09\/schema_jaro-1-300x212.png 300w, https:\/\/www.zbraslavskenamesti.cz\/wp-content\/uploads\/2022\/09\/schema_jaro-1-768x543.png 768w, https:\/\/www.zbraslavskenamesti.cz\/wp-content\/uploads\/2022\/09\/schema_jaro-1-600x424.png 600w, https:\/\/www.zbraslavskenamesti.cz\/wp-content\/uploads\/2022\/09\/schema_jaro-1.png 1500w\" sizes=\"(max-width: 1024px) 100vw, 1024px\" \/><figcaption>Sch\u00e9ma vyu\u017eit\u00ed &#8211; JARO<\/figcaption><\/figure>\n\n\n\n<p>L\u00c9TO \u2013 st\u0159\u00edd\u00e1n\u00ed programu na dvou p\u00f3di\u00edch, tr\u017ei\u0161t\u011b jako velik\u00e1 zahr\u00e1dka s pivem a ob\u010derstven\u00edm, st\u00edn poskytuj\u00ed krom\u011b strom\u016f i plachty nad tr\u017ei\u0161t\u011bm&nbsp;<br><\/p>\n\n\n\n<figure class=\"wp-block-image size-large\"><img decoding=\"async\" width=\"1024\" height=\"724\" src=\"https:\/\/www.zbraslavskenamesti.cz\/wp-content\/uploads\/2022\/09\/schema_leto-1-1024x724.png\" alt=\"\" class=\"wp-image-10462\" srcset=\"https:\/\/www.zbraslavskenamesti.cz\/wp-content\/uploads\/2022\/09\/schema_leto-1-1024x724.png 1024w, https:\/\/www.zbraslavskenamesti.cz\/wp-content\/uploads\/2022\/09\/schema_leto-1-300x212.png 300w, https:\/\/www.zbraslavskenamesti.cz\/wp-content\/uploads\/2022\/09\/schema_leto-1-768x543.png 768w, https:\/\/www.zbraslavskenamesti.cz\/wp-content\/uploads\/2022\/09\/schema_leto-1-600x424.png 600w, https:\/\/www.zbraslavskenamesti.cz\/wp-content\/uploads\/2022\/09\/schema_leto-1.png 1500w\" sizes=\"(max-width: 1024px) 100vw, 1024px\" \/><figcaption>Sch\u00e9ma vyu\u017eit\u00ed &#8211; L\u00c9TO<\/figcaption><\/figure>\n\n\n\n<p>PODZIM \u2013 p\u0159ehl\u00eddka veter\u00e1nu p\u0159ed v\u00fdjezdem, diagon\u00e1la jako uli\u010dka sl\u00e1vy, tr\u017ei\u0161t\u011b vyu\u017eit\u00e9 pro v\u00fdstavu o veter\u00e1nech a historii j\u00edzdy<\/p>\n\n\n\n<figure class=\"wp-block-image size-large\"><img decoding=\"async\" width=\"1024\" height=\"724\" src=\"https:\/\/www.zbraslavskenamesti.cz\/wp-content\/uploads\/2022\/09\/schema_podzim-1-1024x724.png\" alt=\"\" class=\"wp-image-10463\" srcset=\"https:\/\/www.zbraslavskenamesti.cz\/wp-content\/uploads\/2022\/09\/schema_podzim-1-1024x724.png 1024w, https:\/\/www.zbraslavskenamesti.cz\/wp-content\/uploads\/2022\/09\/schema_podzim-1-300x212.png 300w, https:\/\/www.zbraslavskenamesti.cz\/wp-content\/uploads\/2022\/09\/schema_podzim-1-768x543.png 768w, https:\/\/www.zbraslavskenamesti.cz\/wp-content\/uploads\/2022\/09\/schema_podzim-1-600x424.png 600w, https:\/\/www.zbraslavskenamesti.cz\/wp-content\/uploads\/2022\/09\/schema_podzim-1.png 1500w\" sizes=\"(max-width: 1024px) 100vw, 1024px\" \/><figcaption>Sch\u00e9ma vyu\u017eit\u00ed &#8211; PODZIM<\/figcaption><\/figure>\n\n\n\n<p>ZIMA \u2013 v\u00e1no\u010dn\u00ed stromek obklopen\u00fd st\u00e1nky, foodtrucky se sva\u0159\u00e1kem, na p\u00f3diu koledy a ka\u0161na vyu\u017eit\u00e1 pro posezen\u00ed&nbsp;<\/p>\n\n\n\n<figure class=\"wp-block-image size-large\"><img decoding=\"async\" width=\"1024\" height=\"724\" src=\"https:\/\/www.zbraslavskenamesti.cz\/wp-content\/uploads\/2022\/09\/schema_zima-1-1024x724.png\" alt=\"\" class=\"wp-image-10465\" srcset=\"https:\/\/www.zbraslavskenamesti.cz\/wp-content\/uploads\/2022\/09\/schema_zima-1-1024x724.png 1024w, https:\/\/www.zbraslavskenamesti.cz\/wp-content\/uploads\/2022\/09\/schema_zima-1-300x212.png 300w, https:\/\/www.zbraslavskenamesti.cz\/wp-content\/uploads\/2022\/09\/schema_zima-1-768x543.png 768w, https:\/\/www.zbraslavskenamesti.cz\/wp-content\/uploads\/2022\/09\/schema_zima-1-600x424.png 600w, https:\/\/www.zbraslavskenamesti.cz\/wp-content\/uploads\/2022\/09\/schema_zima-1.png 1500w\" sizes=\"(max-width: 1024px) 100vw, 1024px\" \/><figcaption>Sch\u00e9ma vyu\u017eit\u00ed &#8211; ZIMA<\/figcaption><\/figure>\n","protected":false},"excerpt":{"rendered":"<p>Koncept N\u00e1m\u011bst\u00ed m\u00e1 slou\u017eit lidem, b\u00fdt prostorem spole\u010dn\u00e9ho setk\u00e1v\u00e1n\u00ed a m\u011bstsk\u00fdch akc\u00ed. Pokud m\u00e1 n\u00e1m\u011bst\u00ed slou\u017eit sv\u00e9 z\u00e1kladn\u00ed funkci, je pot\u0159eba mu pro to vytvo\u0159it podm\u00ednky. Dnes mu toti\u017e chyb\u00ed plnohodnotn\u00e1 multifunk\u010dn\u00ed plocha pro setk\u00e1v\u00e1n\u00ed lid\u00ed. Odklon\u011bn\u00edm hlavn\u00edch komunikac\u00ed z [&hellip;]<\/p>\n","protected":false},"author":1,"featured_media":0,"parent":0,"menu_order":0,"comment_status":"closed","ping_status":"closed","template":"","meta":{"footnotes":""},"class_list":["post-10060","page","type-page","status-publish","hentry"],"_links":{"self":[{"href":"https:\/\/www.zbraslavskenamesti.cz\/index.php?rest_route=\/wp\/v2\/pages\/10060","targetHints":{"allow":["GET"]}}],"collection":[{"href":"https:\/\/www.zbraslavskenamesti.cz\/index.php?rest_route=\/wp\/v2\/pages"}],"about":[{"href":"https:\/\/www.zbraslavskenamesti.cz\/index.php?rest_route=\/wp\/v2\/types\/page"}],"author":[{"embeddable":true,"href":"https:\/\/www.zbraslavskenamesti.cz\/index.php?rest_route=\/wp\/v2\/users\/1"}],"replies":[{"embeddable":true,"href":"https:\/\/www.zbraslavskenamesti.cz\/index.php?rest_route=%2Fwp%2Fv2%2Fcomments&post=10060"}],"version-history":[{"count":8,"href":"https:\/\/www.zbraslavskenamesti.cz\/index.php?rest_route=\/wp\/v2\/pages\/10060\/revisions"}],"predecessor-version":[{"id":10467,"href":"https:\/\/www.zbraslavskenamesti.cz\/index.php?rest_route=\/wp\/v2\/pages\/10060\/revisions\/10467"}],"wp:attachment":[{"href":"https:\/\/www.zbraslavskenamesti.cz\/index.php?rest_route=%2Fwp%2Fv2%2Fmedia&parent=10060"}],"curies":[{"name":"wp","href":"https:\/\/api.w.org\/{rel}","templated":true}]}}