{"id":10056,"date":"2022-05-10T14:05:22","date_gmt":"2022-05-10T12:05:22","guid":{"rendered":"https:\/\/www.zbraslavskenamesti.cz\/?page_id=10056"},"modified":"2022-09-14T13:47:41","modified_gmt":"2022-09-14T11:47:41","slug":"osvobozeni-namesti","status":"publish","type":"page","link":"https:\/\/www.zbraslavskenamesti.cz\/?page_id=10056","title":{"rendered":"Osvobozen\u00ed n\u00e1m\u011bst\u00ed"},"content":{"rendered":"\n<p style=\"font-size:27px\">Historie n\u00e1m\u011bst\u00ed<\/p>\n\n\n\n<p><strong>Navazujeme na bohat\u00e9 historick\u00e9 prost\u0159ed\u00ed n\u00e1m\u011bst\u00ed. Jeho hodnotn\u00e9 dominanty podporujeme a dopl\u0148ujeme o nov\u00e9.<\/strong><br>Plocha a morfologie dne\u0161n\u00edho Zbraslavsk\u00e9ho n\u00e1m\u011bst\u00ed se v pr\u016fb\u011bhu jeho v\u00fdvoje vcelku \u017eiveln\u011b prom\u011b\u0148ovala. Stejn\u011b tak jeho v\u00fdznam nebyl v\u017edy takov\u00fd, jak ho ch\u00e1peme dnes. Dlouhou dobu n\u00e1m\u011bst\u00ed fungovalo jako hospod\u00e1\u0159sk\u00e1 plocha, slou\u017e\u00edc\u00ed pro pot\u0159eby d\u0159\u00edv\u011bj\u0161\u00edho loveck\u00e9ho hr\u00e1dku a pozd\u011bji kl\u00e1\u0161tera. Tato plocha byla obklopena kl\u00e1\u0161tern\u00edmi zahradami a hospod\u00e1\u0159sk\u00fdmi domky.<br>Ani struktura z\u00e1stavby okolo dne\u0161n\u00edho n\u00e1m\u011bst\u00ed nebyla v\u017edy tak intenzivn\u00ed. Do p\u016fdorysn\u00e9 podoby, jakou zn\u00e1me dnes, se n\u00e1m\u011bst\u00ed zformovalo a\u017e v r\u00e1mci barokn\u00ed p\u0159estavby kl\u00e1\u0161tera v prvn\u00ed polovin\u011b 18. stolet\u00ed.<br>D\u016fle\u017eit\u00fdm formuj\u00edc\u00edm prvkem pro n\u00e1m\u011bst\u00ed bylo veden\u00ed cest. Z historick\u00fdch pramen\u016f je patrn\u00e1 p\u0159edev\u0161\u00edm cesta zvan\u00e1 Slap\u010dice. Ta vedla z Prahy p\u0159es Radot\u00edn a Zbraslav sm\u011brem na jih zem\u011b a u Zbraslavi p\u0159ekon\u00e1vala p\u0159\u00edvozem Vltavu.<br>V 17.-18. stolet\u00ed se plocha stala k\u0159i\u017eovatkou m\u00edstn\u00edch cest, p\u0159i\u010dem\u017e cesta z dne\u0161n\u00ed Barto\u0148ovy ulice do ulice \u017ditavsk\u00e9ho m\u011bla pravd\u011bpodobn\u011b men\u0161\u00ed v\u00fdznam.<br>St\u00e1vaj\u00edc\u00ed objekt cukr\u00e1rny a infocentra slou\u017eil v minulosti pravd\u011bpodobn\u011b tak\u00e9 jako z\u00e1zem\u00ed v\u00e1hy, kter\u00e1 byla sou\u010d\u00e1st\u00ed provozu pivovaru \u010di cukrovaru v dne\u0161n\u00edm are\u00e1lu z\u00e1mku.<\/p>\n\n\n\n<div style=\"height:10px\" aria-hidden=\"true\" class=\"wp-block-spacer\"><\/div>\n\n\n\n<p style=\"font-size:27px\">N\u00e1m\u011bst\u00ed dnes<\/p>\n\n\n\n<p><strong>M\u00edsto s hodnotn\u00fdmi historick\u00fdmi kulisami, pr\u016fhledy do okoln\u00ed krajiny a p\u0159\u00edjemn\u00fdm m\u011b\u0159\u00edtkem m\u011bstsk\u00fdch dom\u016f<br><\/strong>N\u00e1m\u011bst\u00ed na prvn\u00ed pohled n\u00e1m\u011bst\u00ed oslov\u00ed n\u00e1v\u0161t\u011bvn\u00edka dominantou pivovaru n\u00e1sledovanou v\u00fdrazn\u00fdmi siluetami zelen\u00fdch kopc\u016f kolem m\u011bsta. I d\u00edky p\u0159\u00edjemn\u00e9mu m\u011b\u0159\u00edtku a barevnost\u00ed m\u011bstsk\u00fdch dom\u016f p\u016fsob\u00ed n\u00e1m\u011bst\u00ed \u00fatuln\u011b a vzdu\u0161n\u011b.<br>Jeho z\u00e1sadn\u00edm probl\u00e9mem je doprava. Intenzivn\u00ed pohyb aut a autobus\u016f po velk\u00e9 k\u0159i\u017eovatce uprost\u0159ed n\u00e1m\u011bst\u00ed generuje mnoho m\u00edst nep\u0159\u00edjemn\u00fdch pro p\u0159ech\u00e1zen\u00ed a kr\u00e1j\u00ed n\u00e1m\u011bst\u00ed na \u010dtvrtiny, z nich\u017e jednu tvo\u0159\u00ed plocha asfaltov\u00e9ho parkovi\u0161t\u011b, druhou pak men\u0161\u00ed plocha pro trhy s cukr\u00e1rnou a infocentrem. Dominantou t\u0159et\u00ed v\u00fdse\u010de je monument\u00e1ln\u00ed pam\u00e1tn\u00edk ob\u011btem 1. sv\u011btov\u00e9 v\u00e1lky v travnat\u00e9 plo\u0161e a posledn\u00ed \u010d\u00e1st tvo\u0159\u00ed jen m\u00e1lo vyu\u017eit\u00e1 plocha tr\u00e1vn\u00edku.<br>Eli\u0161ky P\u0159emyslovny<br>Tato ulice tvo\u0159\u00ed v\u00fdznamnou spojnici mezi historick\u00fdm a nov\u00fdm centrem m\u011bsta. V sou\u010dasn\u00e9 dob\u011b trp\u00ed stejn\u011b jako n\u00e1m\u011bst\u00ed vysokou frekvenc\u00ed dopravy a nedostate\u010dn\u00fdmi plochami pro pohyb chodc\u016f. V ulici Eli\u0161ky P\u0159emyslovny se nach\u00e1z\u00ed v\u011bt\u0161\u00ed mno\u017estv\u00ed obchod\u016f a slu\u017eeb v\u010detn\u011b z\u00e1kladn\u00ed a mate\u0159sk\u00e9 \u0161koly, co\u017e generuje vy\u0161\u0161\u00ed intenzitu p\u011b\u0161\u00edho, ale i automobilov\u00e9ho pohybu.<\/p>\n\n\n\n<figure class=\"wp-block-image size-large\"><img decoding=\"async\" width=\"1024\" height=\"386\" src=\"https:\/\/www.zbraslavskenamesti.cz\/wp-content\/uploads\/2022\/09\/schema_koncept-1024x386.png\" alt=\"\" class=\"wp-image-10452\" srcset=\"https:\/\/www.zbraslavskenamesti.cz\/wp-content\/uploads\/2022\/09\/schema_koncept-1024x386.png 1024w, https:\/\/www.zbraslavskenamesti.cz\/wp-content\/uploads\/2022\/09\/schema_koncept-300x113.png 300w, https:\/\/www.zbraslavskenamesti.cz\/wp-content\/uploads\/2022\/09\/schema_koncept-768x290.png 768w, https:\/\/www.zbraslavskenamesti.cz\/wp-content\/uploads\/2022\/09\/schema_koncept-600x226.png 600w, https:\/\/www.zbraslavskenamesti.cz\/wp-content\/uploads\/2022\/09\/schema_koncept.png 1500w\" sizes=\"(max-width: 1024px) 100vw, 1024px\" \/><figcaption>Koncept osvobozen\u00ed n\u00e1m\u011bst\u00ed<\/figcaption><\/figure>\n","protected":false},"excerpt":{"rendered":"<p>Historie n\u00e1m\u011bst\u00ed Navazujeme na bohat\u00e9 historick\u00e9 prost\u0159ed\u00ed n\u00e1m\u011bst\u00ed. Jeho hodnotn\u00e9 dominanty podporujeme a dopl\u0148ujeme o nov\u00e9.Plocha a morfologie dne\u0161n\u00edho Zbraslavsk\u00e9ho n\u00e1m\u011bst\u00ed se v pr\u016fb\u011bhu jeho v\u00fdvoje vcelku \u017eiveln\u011b prom\u011b\u0148ovala. Stejn\u011b tak jeho v\u00fdznam nebyl v\u017edy takov\u00fd, jak ho ch\u00e1peme dnes. [&hellip;]<\/p>\n","protected":false},"author":1,"featured_media":0,"parent":0,"menu_order":0,"comment_status":"closed","ping_status":"closed","template":"","meta":{"footnotes":""},"class_list":["post-10056","page","type-page","status-publish","hentry"],"_links":{"self":[{"href":"https:\/\/www.zbraslavskenamesti.cz\/index.php?rest_route=\/wp\/v2\/pages\/10056","targetHints":{"allow":["GET"]}}],"collection":[{"href":"https:\/\/www.zbraslavskenamesti.cz\/index.php?rest_route=\/wp\/v2\/pages"}],"about":[{"href":"https:\/\/www.zbraslavskenamesti.cz\/index.php?rest_route=\/wp\/v2\/types\/page"}],"author":[{"embeddable":true,"href":"https:\/\/www.zbraslavskenamesti.cz\/index.php?rest_route=\/wp\/v2\/users\/1"}],"replies":[{"embeddable":true,"href":"https:\/\/www.zbraslavskenamesti.cz\/index.php?rest_route=%2Fwp%2Fv2%2Fcomments&post=10056"}],"version-history":[{"count":6,"href":"https:\/\/www.zbraslavskenamesti.cz\/index.php?rest_route=\/wp\/v2\/pages\/10056\/revisions"}],"predecessor-version":[{"id":10454,"href":"https:\/\/www.zbraslavskenamesti.cz\/index.php?rest_route=\/wp\/v2\/pages\/10056\/revisions\/10454"}],"wp:attachment":[{"href":"https:\/\/www.zbraslavskenamesti.cz\/index.php?rest_route=%2Fwp%2Fv2%2Fmedia&parent=10056"}],"curies":[{"name":"wp","href":"https:\/\/api.w.org\/{rel}","templated":true}]}}